{"id":2043,"date":"2026-01-11T19:33:37","date_gmt":"2026-01-11T18:33:37","guid":{"rendered":"https:\/\/www.hoteldelabaiecrozonmorgat.com\/mentions-legales\/"},"modified":"2026-04-14T16:44:56","modified_gmt":"2026-04-14T14:44:56","slug":"terms-of-use","status":"publish","type":"page","link":"https:\/\/www.hoteldelabaiecrozonmorgat.com\/en\/terms-of-use\/","title":{"rendered":"Terms of use"},"content":{"rendered":"\n<section class=\"wp-block-group section-6 has-global-padding is-layout-constrained wp-container-core-group-is-layout-0ef88194 wp-block-group-is-layout-constrained\" style=\"margin-top:0px;margin-bottom:0px;padding-top:3rem;padding-right:0rem;padding-bottom:3rem;padding-left:0rem\">\n<div class=\"wp-block-group content has-global-padding is-layout-constrained wp-container-core-group-is-layout-676a1370 wp-block-group-is-layout-constrained\" style=\"margin-top:4rem;margin-bottom:0px\">\n<div class=\"wp-block-group has-background is-content-justification-center is-nowrap is-layout-flex wp-container-core-group-is-layout-23441af8 wp-block-group-is-layout-flex\" style=\"background-color:#efeae6\">\n<figure class=\"wp-block-image size-large\"><img loading=\"lazy\" decoding=\"async\" width=\"47\" height=\"30\" src=\"https:\/\/www.hoteldelabaiecrozonmorgat.com\/wp-content\/uploads\/2026\/01\/icon-coquillage-bleu-clair.svg\" alt=\"icon light blue shell\" class=\"wp-image-277\"\/><\/figure>\n\n\n\n<p class=\"has-text-align-center has-custom-color-3-color has-text-color has-link-color wp-elements-0427b18fd306a611766e500103725267\" style=\"font-size:clamp(0.875rem, 0.875rem + ((1vw - 0.2rem) * 0.108), 0.94rem);letter-spacing:5px;text-transform:uppercase\">Terms of use<\/p>\n<\/div>\n\n\n\n<div style=\"height:37px\" aria-hidden=\"true\" class=\"wp-block-spacer gt-hide-mobile\"><\/div>\n\n\n\n<h1 class=\"wp-block-heading\"><strong>Terms of use<\/strong><\/h1>\n\n\n\n<h2 class=\"wp-block-heading has-text-align-left has-custom-color-2-color has-text-color has-link-color wp-elements-c4e92a28ae84ae79eb3fff5a1070bf2f\" style=\"margin-top:3rem\">Site manager<\/h2>\n\n\n\n<p><strong>Hotel de la Baie<\/strong><\/p>\n\n\n\n<p>Address: 46 boulevard de la Plage 29160 Crozon<br\/>Telephone: 0298270751<br\/>Email: hotel.delabaie@orange.fr<br\/>SIRET: 839 313 335 00011<br\/>Legal form: SAS, soci\u00e9t\u00e9 par actions simplifi\u00e9e<br\/>Intracommunity VAT number: <br\/>Publication manager: CORMIER<\/p>\n\n\n\n<h2 class=\"wp-block-heading\">Realization<\/h2>\n\n\n\n<p><strong>GEEK TONIC<\/strong> Represented by Mr. Yohan Darmayan in his capacity as Manager<br\/>Head office: 16 chemin de Sabalce 64100 Bayonne<br\/>Tel: <a href=\"https:\/\/www.google.com\/search?q=geek+tonic&amp;sxsrf=ALiCzsb97zG2dngu-WqfTOdPG_O6pmDSPQ%3A1665557722642&amp;ei=2mRGY-_0JorhlwS4vpuoCA&amp;ved=0ahUKEwjvyaSDjtr6AhWK8IUKHTjfBoUQ4dUDCA4&amp;uact=5&amp;oq=geek+tonic&amp;gs_lcp=Cgdnd3Mtd2l6EAMyBAgjECcyCgguEMcBEK8BECcyBggAEBYQHjIGCAAQFhAeMgIIJjoKCAAQRxDWBBCwAzoNCAAQ5AIQ1gQQsAMYAToICAAQFhAeEA86CAgAEBYQHhAKOgUIABCABDoLCC4QgAQQxwEQ0QM6CggAEIAEEIcCEBQ6CggAEIAEEAoQywFKBAhNGAFKBAhBGABKBAhGGAFQ4wtYgh1gkyBoAnABeACAAawBiAHRBJIBAzUuMZgBAKABAcgBDcABAdoBBggBEAEYCQ&amp;sclient=gws-wiz#\">05 32 74 11 52<\/a><br\/>E-mail: support@geek-tonic.com<br\/>Website: <a href=\"https:\/\/www.geek-tonic.com\/\">www.geek-tonic.com<\/a><br\/>SIRET: 89746755100015<br\/>APE: 6201Z<\/p>\n\n\n\n<h2 class=\"wp-block-heading\">Copyright<\/h2>\n\n\n\n<p>The entire content of this site is subject to copyright and intellectual property rights under French law. Any reproduction (including photos, icons and downloadable documents) is prohibited without prior consent from GEEK TONIC. Reproduction of all or part of the site in electronic or paper format is prohibited. GEEK TONIC accepts no responsibility for the content of the website. GEEK TONIC also accepts no responsibility for external links to this website.   <\/p>\n\n\n\n<h2 class=\"wp-block-heading\">Personal data and nominative information<\/h2>\n\n\n\n<p>You have the right to access, modify, rectify and delete data concerning you in accordance with Article 34 of the French Data Protection Act (Loi &#8221; Informatique et Libert\u00e9s &#8221; n\u00b0 78-17 du 6 janvier 1978, modified on August 6, 2018). To exercise this right of access, please send a written request to the site editor. <\/p>\n\n\n\n<h2 class=\"wp-block-heading\">Legislation<\/h2>\n\n\n\n<p>In accordance with the law of March 11, 1957 (art. 41) and the intellectual property code of July 1, 1992, it is forbidden to reproduce any part of the site in whole or in part without prior authorization from the site editor. Logos, visuals, photos, videos, graphic charts and texts are the property of their respective owners. This site may, without its knowledge, have been linked to other sites via hypermedia links. The site editor declines all responsibility for the information presented on these other sites. The Internet user acknowledges that use of this site is governed by French law.    <\/p>\n\n\n\n<h2 class=\"wp-block-heading\">Mediation of consumer disputes<\/h2>\n\n\n\n<p>In accordance with the provisions of the French Consumer Code concerning &#8220;the mediation process for consumer disputes&#8221;, the customer has the right to use the mediation service offered by <strong>H\u00f4tel de la Baie<\/strong> free of charge. The &#8220;consumer law&#8221; mediator thus proposed is CM2C. This mediation service can be reached by : &#8211; electronically:www.cm2c.net; &#8211; or by post: CM2C &#8211; Centre de m\u00e9diation et r\u00e8glement amiable des huissiers de justice- 14, Rue Saint-Jean, 75017 Paris.  <\/p>\n\n\n\n<h2 class=\"wp-block-heading\">Responsibility for legal content<\/h2>\n\n\n\n<p>As the owner of your site, it is your responsibility to ensure that the Legal Notice and Privacy Policy pages comply with current legislation, in particular the RGPD (General Data Protection Regulation) for sites collecting personal data. These pages must be updated regularly and transparently reflect your company&#8217;s legal and practical information, as well as the personal data processing carried out. <\/p>\n\n\n\n<p class=\"has-text-align-left\">Our agency can help you with the technical set-up of these pages, but you remain responsible for their legal content. We strongly recommend that you consult a legal expert to ensure that your legal notices and privacy policy comply with the legislation applicable to your business. Contact us if you need to, and we&#8217;ll be happy to refer you to a partner lawyer.  <\/p>\n<\/div>\n<\/section>\n","protected":false},"excerpt":{"rendered":"<p>Terms of use Terms of use Site manager Hotel de la Baie Address: 46 boulevard de la Plage 29160 CrozonTelephone: 0298270751Email: hotel.delabaie@orange.frSIRET: 839 313 335 00011Legal form: SAS, soci\u00e9t\u00e9 par actions simplifi\u00e9eIntracommunity VAT number: Publication manager: CORMIER Realization GEEK TONIC Represented by Mr. Yohan Darmayan in his capacity as ManagerHead office: 16 chemin de Sabalce [&hellip;]<\/p>\n","protected":false},"author":1,"featured_media":2585,"parent":0,"menu_order":0,"comment_status":"closed","ping_status":"closed","template":"","meta":{"_seopress_robots_primary_cat":"","_seopress_titles_title":"Mentions l\u00e9gales","_seopress_titles_desc":"D\u00e9couvrez les mentions l\u00e9gales de l'H\u00f4tel de la Baie. Garantissez la s\u00e9curit\u00e9 et la confidentialit\u00e9 de vos donn\u00e9es avec notre expertise en conformit\u00e9 RGPD.","_seopress_robots_index":"yes","_seopress_analysis_target_kw":"","inline_featured_image":false,"gt_fse_maillage_image":"https:\/\/www.hoteldelabaiecrozonmorgat.com\/wp-content\/uploads\/2026\/02\/hotel-de-la-baie-crozon-facade-1-e1770202563452.jpg","gt_fse_maillage_titre":"Terms of use","gt_fse_maillage_alt":"Brouillon auto","gt_fse_maillage_resume":"","footnotes":""},"categories":[],"tags":[],"class_list":["post-2043","page","type-page","status-publish","has-post-thumbnail","hentry"],"_links":{"self":[{"href":"https:\/\/www.hoteldelabaiecrozonmorgat.com\/en\/wp-json\/wp\/v2\/pages\/2043","targetHints":{"allow":["GET"]}}],"collection":[{"href":"https:\/\/www.hoteldelabaiecrozonmorgat.com\/en\/wp-json\/wp\/v2\/pages"}],"about":[{"href":"https:\/\/www.hoteldelabaiecrozonmorgat.com\/en\/wp-json\/wp\/v2\/types\/page"}],"author":[{"embeddable":true,"href":"https:\/\/www.hoteldelabaiecrozonmorgat.com\/en\/wp-json\/wp\/v2\/users\/1"}],"replies":[{"embeddable":true,"href":"https:\/\/www.hoteldelabaiecrozonmorgat.com\/en\/wp-json\/wp\/v2\/comments?post=2043"}],"version-history":[{"count":5,"href":"https:\/\/www.hoteldelabaiecrozonmorgat.com\/en\/wp-json\/wp\/v2\/pages\/2043\/revisions"}],"predecessor-version":[{"id":2586,"href":"https:\/\/www.hoteldelabaiecrozonmorgat.com\/en\/wp-json\/wp\/v2\/pages\/2043\/revisions\/2586"}],"wp:featuredmedia":[{"embeddable":true,"href":"https:\/\/www.hoteldelabaiecrozonmorgat.com\/en\/wp-json\/wp\/v2\/media\/2585"}],"wp:attachment":[{"href":"https:\/\/www.hoteldelabaiecrozonmorgat.com\/en\/wp-json\/wp\/v2\/media?parent=2043"}],"wp:term":[{"taxonomy":"category","embeddable":true,"href":"https:\/\/www.hoteldelabaiecrozonmorgat.com\/en\/wp-json\/wp\/v2\/categories?post=2043"},{"taxonomy":"post_tag","embeddable":true,"href":"https:\/\/www.hoteldelabaiecrozonmorgat.com\/en\/wp-json\/wp\/v2\/tags?post=2043"}],"curies":[{"name":"wp","href":"https:\/\/api.w.org\/{rel}","templated":true}]}}