{"id":2070,"date":"2026-01-11T19:32:49","date_gmt":"2026-01-11T18:32:49","guid":{"rendered":"https:\/\/www.hoteldelabaiecrozonmorgat.com\/offrir-sejour-crozon-morgat\/"},"modified":"2026-03-20T12:18:38","modified_gmt":"2026-03-20T11:18:38","slug":"aufenthalt-anbieten-crozon-morgat","status":"publish","type":"page","link":"https:\/\/www.hoteldelabaiecrozonmorgat.com\/de\/aufenthalt-anbieten-crozon-morgat\/","title":{"rendered":"Freude am Schenken"},"content":{"rendered":"\n<section class=\"wp-block-group section-5 has-custom-color-2-background-color has-background has-global-padding is-layout-constrained wp-container-core-group-is-layout-4746293b wp-block-group-is-layout-constrained\" style=\"margin-top:0px;margin-bottom:0px;padding-top:0rem;padding-right:0rem;padding-bottom:0rem;padding-left:0rem\">\n<div class=\"wp-block-group top is-nowrap is-layout-flex wp-container-core-group-is-layout-92e30fd3 wp-block-group-is-layout-flex\" style=\"margin-top:0px;margin-bottom:0px;padding-top:8rem;padding-right:5rem;padding-left:5rem\">\n<p class=\"has-text-align-left has-base-2-color has-text-color has-link-color has-avelora-font-family wp-elements-c8683de6803fa43491d064d777d17f68\" style=\"font-size:clamp(3.891rem, 3.891rem + ((1vw - 0.2rem) * 7.265), 8.25rem);line-height:0.8;text-transform:none\">Freude am Schenken<\/p>\n\n\n\n<div class=\"wp-block-group has-global-padding is-layout-constrained wp-block-group-is-layout-constrained\">\n<figure class=\"wp-block-image size-full\"><img loading=\"lazy\" decoding=\"async\" width=\"2000\" height=\"1210\" src=\"https:\/\/www.hoteldelabaiecrozonmorgat.com\/wp-content\/uploads\/2026\/02\/hotel-de-la-baie-crozon-facade-1-e1770202563452.jpg\" alt=\"hotel de la baie crozon facade\" class=\"wp-image-1024\" srcset=\"https:\/\/www.hoteldelabaiecrozonmorgat.com\/wp-content\/uploads\/2026\/02\/hotel-de-la-baie-crozon-facade-1-e1770202563452.jpg 2000w, https:\/\/www.hoteldelabaiecrozonmorgat.com\/wp-content\/uploads\/2026\/02\/hotel-de-la-baie-crozon-facade-1-e1770202563452-300x182.jpg 300w, https:\/\/www.hoteldelabaiecrozonmorgat.com\/wp-content\/uploads\/2026\/02\/hotel-de-la-baie-crozon-facade-1-e1770202563452-1024x620.jpg 1024w, https:\/\/www.hoteldelabaiecrozonmorgat.com\/wp-content\/uploads\/2026\/02\/hotel-de-la-baie-crozon-facade-1-e1770202563452-768x465.jpg 768w, https:\/\/www.hoteldelabaiecrozonmorgat.com\/wp-content\/uploads\/2026\/02\/hotel-de-la-baie-crozon-facade-1-e1770202563452-1536x929.jpg 1536w\" sizes=\"auto, (max-width: 2000px) 100vw, 2000px\" \/><\/figure>\n<\/div>\n<\/div>\n\n\n\n<div class=\"wp-block-group bottom has-global-padding is-layout-constrained wp-container-core-group-is-layout-f75a2434 wp-block-group-is-layout-constrained\" style=\"margin-top:1rem;margin-bottom:0px;padding-right:5rem;padding-left:5rem\">\n<div class=\"wp-block-group sliders has-global-padding is-layout-constrained wp-container-core-group-is-layout-c3f94280 wp-block-group-is-layout-constrained\" style=\"margin-top:0px;margin-bottom:0px;padding-right:0rem;padding-left:0rem\">\n<div class=\"wp-block-columns are-vertically-aligned-center is-layout-flex wp-container-core-columns-is-layout-193d4d79 wp-block-columns-is-layout-flex\" style=\"margin-top:0px;margin-bottom:0px\">\n<div class=\"wp-block-column is-vertically-aligned-center is-layout-flow wp-block-column-is-layout-flow\" style=\"flex-basis:90%\">\n<div class=\"wp-block-group has-global-padding is-layout-constrained wp-block-group-is-layout-constrained\" style=\"margin-top:0px;margin-bottom:0px\">\n<figure class=\"wp-block-image size-full\"><img loading=\"lazy\" decoding=\"async\" width=\"1920\" height=\"1280\" src=\"https:\/\/www.hoteldelabaiecrozonmorgat.com\/wp-content\/uploads\/2026\/01\/chambres-hotel-dans-le-finistere.jpg\" alt=\"hotelzimmer in finistere\" class=\"wp-image-211\" srcset=\"https:\/\/www.hoteldelabaiecrozonmorgat.com\/wp-content\/uploads\/2026\/01\/chambres-hotel-dans-le-finistere.jpg 1920w, https:\/\/www.hoteldelabaiecrozonmorgat.com\/wp-content\/uploads\/2026\/01\/chambres-hotel-dans-le-finistere-300x200.jpg 300w, https:\/\/www.hoteldelabaiecrozonmorgat.com\/wp-content\/uploads\/2026\/01\/chambres-hotel-dans-le-finistere-1024x683.jpg 1024w, https:\/\/www.hoteldelabaiecrozonmorgat.com\/wp-content\/uploads\/2026\/01\/chambres-hotel-dans-le-finistere-768x512.jpg 768w, https:\/\/www.hoteldelabaiecrozonmorgat.com\/wp-content\/uploads\/2026\/01\/chambres-hotel-dans-le-finistere-1536x1024.jpg 1536w\" sizes=\"auto, (max-width: 1920px) 100vw, 1920px\" \/><\/figure>\n<\/div>\n<\/div>\n<\/div>\n<\/div>\n<\/div>\n\n\n\n<div class=\"wp-block-columns content is-layout-flex wp-container-core-columns-is-layout-80d5e4aa wp-block-columns-is-layout-flex\" style=\"padding-top:4rem;padding-right:5rem;padding-bottom:8rem;padding-left:5rem\">\n<div class=\"wp-block-column animated slideInRight is-layout-flow wp-block-column-is-layout-flow\" style=\"flex-basis:55%\"><\/div>\n\n\n\n<div class=\"wp-block-column has-custom-color-2-background-color has-background is-layout-flow wp-block-column-is-layout-flow\" style=\"padding-left:2rem;flex-basis:45%\">\n<h1 class=\"wp-block-heading has-custom-color-1-color has-text-color has-link-color wp-elements-8732d3a975c09b52da4c3880f22a4d1a\"><strong>Geschenkgutschein<\/strong> f\u00fcr das Hotel de la Baie in Crozon: Schenken Sie Gl\u00fcck!<\/h1>\n\n\n\n<p class=\"has-custom-color-1-color has-text-color has-link-color wp-elements-6eab6261ab6002f28311122b6d709e47\">Machen Sie Ihren Lieben eine Freude mit unseren <strong>Geschenkgutscheinen<\/strong>, eine originelle und praktische Art,<strong>einen Aufenthalt auf der Halbinsel Crozon im Finist\u00e8re zu verschenken <\/strong>. <\/p>\n\n\n\n<p class=\"has-custom-color-1-color has-text-color has-link-color wp-elements-937abc7cfccfc1ecdb430678a05eef74\">Ob f\u00fcr einen <strong>Geburtstag<\/strong>, eine <strong>Party<\/strong> oder einfach nur, um eine <strong>Freude zu bereiten<\/strong>, unsere Geschenkgutscheine bieten Ihnen die Freiheit, das Datum und die Art des Aufenthalts zu w\u00e4hlen und garantieren Ihnen gleichzeitig ein <strong>authentisches<\/strong> und <strong>erholsames<\/strong> <strong>Erlebnis<\/strong>.  <\/p>\n\n\n\n<p class=\"has-custom-color-1-color has-text-color has-link-color wp-elements-4c48c24bbfe60103935902fd795736dd\">Ein Geschenk, das <strong>Flexibilit\u00e4t<\/strong>, <strong>Komfort<\/strong> und <strong>Entdeckung<\/strong> miteinander verbindet, ideal um den Charme des Finist\u00e8re zu entdecken und einen unvergesslichen Moment in einem <a href=\"https:\/\/www.hoteldelabaiecrozonmorgat.com\/de\/\" data-type=\"page\" data-id=\"5\">Hotel im Herzen von Crozon<\/a> zu erleben.<\/p>\n\n\n\n<p class=\"has-custom-color-1-color has-text-color has-link-color wp-elements-7cb76c8c591675451a6839820daeb68e\">F\u00fcr weitere Informationen kontaktieren Sie uns bitte unter <strong>+33 2 98 27 07 51<\/strong>, wir werden Sie gerne bei der Organisation Ihrer \u00dcberraschung beraten!<\/p>\n<\/div>\n<\/div>\n<\/section>\n\n<section class=\"wp-block-group section-simple has-custom-color-8-background-color has-background has-global-padding is-layout-constrained wp-container-core-group-is-layout-ebc28b78 wp-block-group-is-layout-constrained\" style=\"margin-top:0px;margin-bottom:0px;padding-top:8rem;padding-right:10rem;padding-bottom:8rem;padding-left:10rem\">\n<div class=\"wp-block-columns are-vertically-aligned-center is-layout-flex wp-container-core-columns-is-layout-123045d2 wp-block-columns-is-layout-flex\">\n<div class=\"wp-block-column is-vertically-aligned-center is-layout-flow wp-block-column-is-layout-flow\" style=\"flex-basis:40%\">\n<h2 class=\"wp-block-heading has-text-align-center has-custom-color-2-color has-text-color has-link-color wp-elements-0d85a76a8b0b1b427e86a07aeaacd422\" style=\"margin-top:3rem\"><strong>Schenken Sie einen Aufenthalt in Morgat<\/strong>, w\u00e4hlen Sie einen Betrag<\/h2>\n\n\n\n<p class=\"has-text-align-center has-custom-color-2-color has-text-color has-link-color wp-elements-dc7a129fc5d10e4d5fc5568028180aac\"><strong>Geschenkgutschein<\/strong><\/p>\n\n\n\n<p>M\u00f6chten Sie Ihren Lieben eine Freude machen? <\/p>\n\n\n\n<p>Wir bieten Ihnen die M\u00f6glichkeit, einen Geschenkgutschein \u00fcber den <strong>Betrag Ihrer Wahl<\/strong> f\u00fcr alle Leistungen des Hotel de la Baie zu verschenken.<\/p>\n\n\n    <div id=\"gt-fse-lire-plus-6a0331df4fd08\" class=\"gt-fse-lire-plus\" style=\"--min-height: 130px; background-color: #f5f2f1;\">\n        <input id=\"gt-fse-lire-plus-6a0331df4fd08-toggle\" type=\"checkbox\" class=\"gt-fse-lire-plus__toggle\" \/>\n        <label for=\"gt-fse-lire-plus-6a0331df4fd08-toggle\" class=\"gt-fse-lire-plus__toggle-label\">\n            <span>Lesen Sie mehr<\/span>\n            <span>Lesen Sie mehr<\/span>\n        <\/label>\n        <div class=\"gt-fse-lire-plus__content\">\n            \n\n<p class=\"has-text-align-left\">Ob Sie nun in einem unserer <strong>komfortablen Zimmer<\/strong>, einer <strong>separaten<\/strong> <strong>Wohnung<\/strong> oder in unserem <strong>Ferienhaus<\/strong> wohnen, das ideal f\u00fcr <strong>Wanderer<\/strong>, <strong>Gruppen<\/strong> und <strong>Familien<\/strong> ist, mit diesem Geschenk kann jeder einen Moment der Entspannung im Herzen der Halbinsel Crozon im Finist\u00e8re genie\u00dfen.  <\/p>\n\n\n\n<p>Der Geschenkgutschein ist <strong>flexibel<\/strong> und <strong>praktisch<\/strong> und kann zu einem beliebigen Zeitpunkt und f\u00fcr ein passendes Angebot eingel\u00f6st werden. Er ist eine <strong>pers\u00f6nliche<\/strong> und <strong>originelle<\/strong> <strong>Aufmerksamkeit<\/strong> f\u00fcr einen Geburtstag, eine Party oder einfach nur, um Freude zu bereiten.  <\/p>\n\n\n\n<p>Mit einem Geschenkgutschein des H\u00f4tel de la Baie schenken Sie mehr als nur einen Aufenthalt: es ist ein Moment des <strong>Vergn\u00fcgens<\/strong>, der <strong>Freiheit<\/strong> und der <strong>Entdeckung<\/strong>! <br\/>F\u00fcr weitere Informationen kontaktieren Sie uns bitte unter <strong>+332 98 27 07 51<\/strong>.<\/p>\n\n            <div class=\"gt-fse-lire-plus__gradient\" style=\"background: linear-gradient(to bottom,rgba(245,242,241,0) 0%,rgba(245,242,241,1) 100%);\"><\/div>\n        <\/div>\n    <\/div>\n    <\/div>\n\n\n\n<div class=\"wp-block-column is-vertically-aligned-center is-layout-flow wp-block-column-is-layout-flow\" style=\"flex-basis:60%\">\n<figure class=\"wp-block-image size-full\"><img loading=\"lazy\" decoding=\"async\" width=\"1000\" height=\"1500\" src=\"https:\/\/www.hoteldelabaiecrozonmorgat.com\/wp-content\/uploads\/2026\/02\/cheque-cadeau-plaisir-doffrir-hotel-la-baie-du-crozon.jpeg\" alt=\"geschenkgutschein hotel la baie du crozon\" class=\"wp-image-982\" srcset=\"https:\/\/www.hoteldelabaiecrozonmorgat.com\/wp-content\/uploads\/2026\/02\/cheque-cadeau-plaisir-doffrir-hotel-la-baie-du-crozon.jpeg 1000w, https:\/\/www.hoteldelabaiecrozonmorgat.com\/wp-content\/uploads\/2026\/02\/cheque-cadeau-plaisir-doffrir-hotel-la-baie-du-crozon-200x300.jpeg 200w, https:\/\/www.hoteldelabaiecrozonmorgat.com\/wp-content\/uploads\/2026\/02\/cheque-cadeau-plaisir-doffrir-hotel-la-baie-du-crozon-683x1024.jpeg 683w, https:\/\/www.hoteldelabaiecrozonmorgat.com\/wp-content\/uploads\/2026\/02\/cheque-cadeau-plaisir-doffrir-hotel-la-baie-du-crozon-768x1152.jpeg 768w\" sizes=\"auto, (max-width: 1000px) 100vw, 1000px\" \/><\/figure>\n<\/div>\n<\/div>\n<\/section>\n\n<div class=\"wp-block-group section-maillage has-custom-color-8-background-color has-background has-global-padding is-layout-constrained wp-container-core-group-is-layout-f9079058 wp-block-group-is-layout-constrained\" style=\"margin-top:0px;margin-bottom:0px;padding-top:3rem;padding-right:10rem;padding-bottom:8rem;padding-left:10rem\">\n<p class=\"has-text-align-center has-avelora-font-family\" style=\"font-size:clamp(3.891rem, 3.891rem + ((1vw - 0.2rem) * 7.265), 8.25rem);line-height:0.8;text-transform:none\">Entdecken Sie<\/p>\n\n\n\n<p class=\"has-text-align-center has-custom-color-2-color has-text-color has-link-color wp-elements-c3224cdeee9d4e04e616ce1aeb6e7cc1\" style=\"margin-top:0px;margin-bottom:0px;font-size:clamp(1.188rem, 1.188rem + ((1vw - 0.2rem) * 1.153), 1.88rem);text-transform:uppercase\">unsere Aktivit\u00e4ten und Unterk\u00fcnfte<\/p>\n\n\n\n<div data-swiper=\"{&quot;speed&quot;:400,&quot;spaceBetween&quot;:16,&quot;slidesPerView&quot;:3,&quot;createElements&quot;:true,&quot;loop&quot;:true,&quot;freemode&quot;:true,&quot;navigation&quot;:{&quot;nextEl&quot;:&quot;buttonNext&quot;,&quot;prevEl&quot;:&quot;buttonPrev&quot;},&quot;pagination&quot;:{&quot;el&quot;:&quot;.swiper-pagination&quot;,&quot;dynamicBullets&quot;:true},&quot;breakpoints&quot;:{&quot;0&quot;:{&quot;slidesPerView&quot;:1},&quot;768&quot;:{&quot;slidesPerView&quot;:2},&quot;1024&quot;:{&quot;slidesPerView&quot;:3}},&quot;autoplay&quot;:{&quot;delay&quot;:5000}}\" data-wp-context=\"{}\" data-wp-interactive=\"core\/query\" data-wp-key=\"0\" data-wp-router-region=\"query-0\" class=\"wp-block-query alignwide gt-fse-maillage-query gt-is-slider gt-is-slider-desktop is-layout-flow wp-block-query-is-layout-flow\"><ul class=\"columns-3 wp-block-post-template is-layout-grid wp-container-core-post-template-is-layout-6d3fbd8f wp-block-post-template-is-layout-grid\"><li data-wp-key=\"post-template-item-2030\" class=\"wp-block-post post-2030 page type-page status-publish has-post-thumbnail hentry\">\n\n<figure class=\"wp-block-image\" style=\"margin-top:0px;margin-bottom:0px\"><img decoding=\"async\" src=\"https:\/\/www.hoteldelabaiecrozonmorgat.com\/wp-content\/uploads\/2026\/02\/pen-hir-hotel-de-la-baie-crozon-.jpeg\" alt=\"\"\/><\/figure>\n\n\n\n<div class=\"wp-block-group is-content-justification-center is-nowrap is-layout-flex wp-container-core-group-is-layout-06d12f70 wp-block-group-is-layout-flex\">\n<p class=\"has-text-align-center btn-1 is-style-outline has-custom-color-1-color has-text-color has-link-color wp-elements-7c8cff9a487e08e78e48e8f8d5256981\" style=\"border-style:none;border-width:0px;padding-top:0px;padding-right:0px;padding-bottom:0px;padding-left:0px;font-size:clamp(0.875rem, 0.875rem + ((1vw - 0.2rem) * 0.308), 1.06rem);font-style:normal;font-weight:300;letter-spacing:3px;line-height:1;text-transform:uppercase\">Sehensw\u00fcrdigkeiten<\/p>\n\n\n\n<figure class=\"wp-block-image size-large\"><img loading=\"lazy\" decoding=\"async\" width=\"7\" height=\"12\" src=\"https:\/\/www.hoteldelabaiecrozonmorgat.com\/wp-content\/uploads\/2026\/01\/icon-chevron-droit-beige.svg\" alt=\"icon Fischgr&#xE4;t rechts beige\" class=\"wp-image-184\"\/><\/figure>\n<\/div>\n\n\n<a class=\"is-style-lien-cover wp-block-read-more\" href=\"https:\/\/www.hoteldelabaiecrozonmorgat.com\/de\/halbinsel-tourismus-de-crozon-finistere\/\" target=\"_self\">Weiterlesen<span class=\"screen-reader-text\">: Die unumg\u00e4nglichen<\/span><\/a>\n<\/li><li data-wp-key=\"post-template-item-2031\" class=\"wp-block-post post-2031 page type-page status-publish has-post-thumbnail hentry\">\n\n<figure class=\"wp-block-image\" style=\"margin-top:0px;margin-bottom:0px\"><img decoding=\"async\" src=\"https:\/\/www.hoteldelabaiecrozonmorgat.com\/wp-content\/uploads\/2026\/02\/hote-la-baie-du-crozon-viennoiseries-petit-dejeuner-salle.jpg\" alt=\"\"\/><\/figure>\n\n\n\n<div class=\"wp-block-group is-content-justification-center is-nowrap is-layout-flex wp-container-core-group-is-layout-06d12f70 wp-block-group-is-layout-flex\">\n<p class=\"has-text-align-center btn-1 is-style-outline has-custom-color-1-color has-text-color has-link-color wp-elements-7c8cff9a487e08e78e48e8f8d5256981\" style=\"border-style:none;border-width:0px;padding-top:0px;padding-right:0px;padding-bottom:0px;padding-left:0px;font-size:clamp(0.875rem, 0.875rem + ((1vw - 0.2rem) * 0.308), 1.06rem);font-style:normal;font-weight:300;letter-spacing:3px;line-height:1;text-transform:uppercase\">Das Caf\u00e9 de la Baie<\/p>\n\n\n\n<figure class=\"wp-block-image size-large\"><img loading=\"lazy\" decoding=\"async\" width=\"7\" height=\"12\" src=\"https:\/\/www.hoteldelabaiecrozonmorgat.com\/wp-content\/uploads\/2026\/01\/icon-chevron-droit-beige.svg\" alt=\"icon Fischgr&#xE4;t rechts beige\" class=\"wp-image-184\"\/><\/figure>\n<\/div>\n\n\n<a class=\"is-style-lien-cover wp-block-read-more\" href=\"https:\/\/www.hoteldelabaiecrozonmorgat.com\/de\/cafe-de-la-baie-crozon-morgat\/\" target=\"_self\">Weiterlesen<span class=\"screen-reader-text\">: Das Caf\u00e9 de la Baie<\/span><\/a>\n<\/li><li data-wp-key=\"post-template-item-2042\" class=\"wp-block-post post-2042 page type-page status-publish has-post-thumbnail hentry\">\n\n<figure class=\"wp-block-image\" style=\"margin-top:0px;margin-bottom:0px\"><img decoding=\"async\" src=\"https:\/\/www.hoteldelabaiecrozonmorgat.com\/wp-content\/uploads\/2026\/01\/hotel-face-a-la-plage-de-morgat.jpg\" alt=\"\"\/><\/figure>\n\n\n\n<div class=\"wp-block-group is-content-justification-center is-nowrap is-layout-flex wp-container-core-group-is-layout-06d12f70 wp-block-group-is-layout-flex\">\n<p class=\"has-text-align-center btn-1 is-style-outline has-custom-color-1-color has-text-color has-link-color wp-elements-7c8cff9a487e08e78e48e8f8d5256981\" style=\"border-style:none;border-width:0px;padding-top:0px;padding-right:0px;padding-bottom:0px;padding-left:0px;font-size:clamp(0.875rem, 0.875rem + ((1vw - 0.2rem) * 0.308), 1.06rem);font-style:normal;font-weight:300;letter-spacing:3px;line-height:1;text-transform:uppercase\">Der Strand<\/p>\n\n\n\n<figure class=\"wp-block-image size-large\"><img loading=\"lazy\" decoding=\"async\" width=\"7\" height=\"12\" src=\"https:\/\/www.hoteldelabaiecrozonmorgat.com\/wp-content\/uploads\/2026\/01\/icon-chevron-droit-beige.svg\" alt=\"icon Fischgr&#xE4;t rechts beige\" class=\"wp-image-184\"\/><\/figure>\n<\/div>\n\n\n<a class=\"is-style-lien-cover wp-block-read-more\" href=\"https:\/\/www.hoteldelabaiecrozonmorgat.com\/de\/hotel-strandkante-crozon-morgat\/\" target=\"_self\">Weiterlesen<span class=\"screen-reader-text\">: Der Strand<\/span><\/a>\n<\/li><\/ul><\/div>\n<\/div>\n","protected":false},"excerpt":{"rendered":"<p>Freude am Schenken Geschenkgutschein f\u00fcr das Hotel de la Baie in Crozon: Schenken Sie Gl\u00fcck! Machen Sie Ihren Lieben eine Freude mit unseren Geschenkgutscheinen, eine originelle und praktische Art,einen Aufenthalt auf der Halbinsel Crozon im Finist\u00e8re zu verschenken . Ob f\u00fcr einen Geburtstag, eine Party oder einfach nur, um eine Freude zu bereiten, unsere Geschenkgutscheine [&hellip;]<\/p>\n","protected":false},"author":1,"featured_media":1021,"parent":0,"menu_order":0,"comment_status":"closed","ping_status":"closed","template":"","meta":{"_seopress_robots_primary_cat":"","_seopress_titles_title":"Schenken Sie einen All-Inclusive-Urlaub in Crozon I Geschenkgutschein Finist\u00e8re","_seopress_titles_desc":"\u00dcberraschen Sie Ihre Lieben mit einem Geschenkgutschein f\u00fcr das Hotel de la Baie. Freie Wahl, Komfort und Entdeckung auf der Halbinsel Crozon. Kontaktieren Sie uns!  ","_seopress_robots_index":"","_seopress_analysis_target_kw":"","inline_featured_image":false,"gt_fse_maillage_image":"https:\/\/www.hoteldelabaiecrozonmorgat.com\/wp-content\/uploads\/2026\/02\/cheque-cadeau-plaisir-doffrir-hotel-la-baie-du-crozon.jpeg","gt_fse_maillage_titre":"Freude am Schenken","gt_fse_maillage_alt":"geschenkgutschein hotel la baie du crozon","gt_fse_maillage_resume":"","footnotes":""},"categories":[],"tags":[],"class_list":["post-2070","page","type-page","status-publish","has-post-thumbnail","hentry"],"_links":{"self":[{"href":"https:\/\/www.hoteldelabaiecrozonmorgat.com\/de\/wp-json\/wp\/v2\/pages\/2070","targetHints":{"allow":["GET"]}}],"collection":[{"href":"https:\/\/www.hoteldelabaiecrozonmorgat.com\/de\/wp-json\/wp\/v2\/pages"}],"about":[{"href":"https:\/\/www.hoteldelabaiecrozonmorgat.com\/de\/wp-json\/wp\/v2\/types\/page"}],"author":[{"embeddable":true,"href":"https:\/\/www.hoteldelabaiecrozonmorgat.com\/de\/wp-json\/wp\/v2\/users\/1"}],"replies":[{"embeddable":true,"href":"https:\/\/www.hoteldelabaiecrozonmorgat.com\/de\/wp-json\/wp\/v2\/comments?post=2070"}],"version-history":[{"count":8,"href":"https:\/\/www.hoteldelabaiecrozonmorgat.com\/de\/wp-json\/wp\/v2\/pages\/2070\/revisions"}],"predecessor-version":[{"id":2148,"href":"https:\/\/www.hoteldelabaiecrozonmorgat.com\/de\/wp-json\/wp\/v2\/pages\/2070\/revisions\/2148"}],"wp:featuredmedia":[{"embeddable":true,"href":"https:\/\/www.hoteldelabaiecrozonmorgat.com\/de\/wp-json\/wp\/v2\/media\/1021"}],"wp:attachment":[{"href":"https:\/\/www.hoteldelabaiecrozonmorgat.com\/de\/wp-json\/wp\/v2\/media?parent=2070"}],"wp:term":[{"taxonomy":"category","embeddable":true,"href":"https:\/\/www.hoteldelabaiecrozonmorgat.com\/de\/wp-json\/wp\/v2\/categories?post=2070"},{"taxonomy":"post_tag","embeddable":true,"href":"https:\/\/www.hoteldelabaiecrozonmorgat.com\/de\/wp-json\/wp\/v2\/tags?post=2070"}],"curies":[{"name":"wp","href":"https:\/\/api.w.org\/{rel}","templated":true}]}}