{"id":2039,"date":"2026-01-11T19:33:37","date_gmt":"2026-01-11T18:33:37","guid":{"rendered":"https:\/\/www.hoteldelabaiecrozonmorgat.com\/mentions-legales\/"},"modified":"2026-04-14T16:44:55","modified_gmt":"2026-04-14T14:44:55","slug":"rechtliche-hinweise","status":"publish","type":"page","link":"https:\/\/www.hoteldelabaiecrozonmorgat.com\/de\/rechtliche-hinweise\/","title":{"rendered":"Rechtliche Hinweise"},"content":{"rendered":"\n<section class=\"wp-block-group section-6 has-global-padding is-layout-constrained wp-container-core-group-is-layout-0ef88194 wp-block-group-is-layout-constrained\" style=\"margin-top:0px;margin-bottom:0px;padding-top:3rem;padding-right:0rem;padding-bottom:3rem;padding-left:0rem\">\n<div class=\"wp-block-group content has-global-padding is-layout-constrained wp-container-core-group-is-layout-676a1370 wp-block-group-is-layout-constrained\" style=\"margin-top:4rem;margin-bottom:0px\">\n<div class=\"wp-block-group has-background is-content-justification-center is-nowrap is-layout-flex wp-container-core-group-is-layout-23441af8 wp-block-group-is-layout-flex\" style=\"background-color:#efeae6\">\n<figure class=\"wp-block-image size-large\"><img loading=\"lazy\" decoding=\"async\" width=\"47\" height=\"30\" src=\"https:\/\/www.hoteldelabaiecrozonmorgat.com\/wp-content\/uploads\/2026\/01\/icon-coquillage-bleu-clair.svg\" alt=\"icon hellblaue Muschel\" class=\"wp-image-277\"\/><\/figure>\n\n\n\n<p class=\"has-text-align-center has-custom-color-3-color has-text-color has-link-color wp-elements-b31211d137d3ccafbc3618a6fd0b1edf\" style=\"font-size:clamp(0.875rem, 0.875rem + ((1vw - 0.2rem) * 0.108), 0.94rem);letter-spacing:5px;text-transform:uppercase\">Rechtliche Hinweise<\/p>\n<\/div>\n\n\n\n<div style=\"height:37px\" aria-hidden=\"true\" class=\"wp-block-spacer gt-hide-mobile\"><\/div>\n\n\n\n<h1 class=\"wp-block-heading\"><strong>Rechtliche Hinweise<\/strong><\/h1>\n\n\n\n<h2 class=\"wp-block-heading has-text-align-left has-custom-color-2-color has-text-color has-link-color wp-elements-a6e3261da53c9e860150136de7bfec4f\" style=\"margin-top:3rem\">Verantwortlich f\u00fcr die Website<\/h2>\n\n\n\n<p><strong>Hotel de la Baie<\/strong><\/p>\n\n\n\n<p>Adresse: 46 boulevard de la Plage 29160 Crozon<br\/>Telefon: 0298270751<br\/>Email: hotel.delabaie@orange.fr<br\/>SIRET: 839 313 335 00011<br\/>Rechtsform: SAS, soci\u00e9t\u00e9 par actions simplifi\u00e9e<br\/>Umsatzsteuer-ID: <br\/>Verantwortlich f\u00fcr die Ver\u00f6ffentlichung: CORMIER<\/p>\n\n\n\n<h2 class=\"wp-block-heading\">Realisierung<\/h2>\n\n\n\n<p><strong>GEEK TONIC<\/strong> Vertreten durch Herrn Yohan Darmayan in seiner Eigenschaft als Gesch\u00e4ftsf\u00fchrer<br\/>Gesch\u00e4ftssitz: 16 chemin de Sabalce 64100 Bayonne<br\/>Tel.: <a href=\"https:\/\/www.google.com\/search?q=geek+tonic&amp;sxsrf=ALiCzsb97zG2dngu-WqfTOdPG_O6pmDSPQ%3A1665557722642&amp;ei=2mRGY-_0JorhlwS4vpuoCA&amp;ved=0ahUKEwjvyaSDjtr6AhWK8IUKHTjfBoUQ4dUDCA4&amp;uact=5&amp;oq=geek+tonic&amp;gs_lcp=Cgdnd3Mtd2l6EAMyBAgjECcyCgguEMcBEK8BECcyBggAEBYQHjIGCAAQFhAeMgIIJjoKCAAQRxDWBBCwAzoNCAAQ5AIQ1gQQsAMYAToICAAQFhAeEA86CAgAEBYQHhAKOgUIABCABDoLCC4QgAQQxwEQ0QM6CggAEIAEEIcCEBQ6CggAEIAEEAoQywFKBAhNGAFKBAhBGABKBAhGGAFQ4wtYgh1gkyBoAnABeACAAawBiAHRBJIBAzUuMZgBAKABAcgBDcABAdoBBggBEAEYCQ&amp;sclient=gws-wiz#\">05 32 74 11 52<\/a><br\/>E-mail: support@geek-tonic.com<br\/>Website: <a href=\"https:\/\/www.geek-tonic.com\/\">www.geek-tonic.com<\/a><br\/>SIRET: 89746755100015<br\/>APE: 6201Z<\/p>\n\n\n\n<h2 class=\"wp-block-heading\">Urheberrecht und Copyright<\/h2>\n\n\n\n<p>Der gesamte Inhalt dieser Website unterliegt dem Urheberrecht sowie dem geistigen Eigentum der franz\u00f6sischen Gesetzgebung. Jede Vervielf\u00e4ltigung (einschlie\u00dflich Fotos, Icons und herunterladbarer Dokumente) ist ohne vorherige Zustimmung von GEEK TONIC untersagt. Die Vervielf\u00e4ltigung der gesamten oder eines Teils der Website in Papier- oder elektronischem Format auf einem elektronischen Datentr\u00e4ger ist verboten. GEEK TONIC \u00fcbernimmt keine Verantwortung f\u00fcr die Inhalte auf der Website. GEEK TONIC \u00fcbernimmt auch keine Verantwortung f\u00fcr externe Links, die auf diese Website verweisen.   <\/p>\n\n\n\n<h2 class=\"wp-block-heading\">Pers\u00f6nliche Daten und namentliche Informationen<\/h2>\n\n\n\n<p>Sie haben ein Recht auf Zugang, \u00c4nderung, Berichtigung und L\u00f6schung der Sie betreffenden Daten gem\u00e4\u00df Artikel 34 des Gesetzes &#8222;Informatique et Libert\u00e9s&#8220; Nr. 78-17 vom 6. Januar 1978, ge\u00e4ndert am 6. August 2018. Um dieses Zugangsrecht auszu\u00fcben, k\u00f6nnen Sie eine einfache schriftliche Anfrage an den Herausgeber der Website richten. <\/p>\n\n\n\n<h2 class=\"wp-block-heading\">Gesetzgebung<\/h2>\n\n\n\n<p>Gem\u00e4\u00df dem Gesetz vom 11. M\u00e4rz 1957 (Art. 41) und dem Gesetzbuch \u00fcber geistiges Eigentum vom 1. Juli 1992 ist es verboten, einen Teil der Website ohne vorherige Genehmigung des Herausgebers der Website teilweise oder vollst\u00e4ndig zu reproduzieren. Die Logos, Bilder, Fotos, Videos, Grafiken und Texte sind Eigentum ihrer jeweiligen Besitzer. Diese Website kann ohne sein Wissen mit anderen Websites \u00fcber Hypermedia-Links verbunden sein. Der Herausgeber der Website lehnt jede Verantwortung f\u00fcr die Informationen auf diesen anderen Websites ab. Der Internetnutzer erkennt an, dass die Nutzung dieser Website dem franz\u00f6sischen Recht unterliegt.    <\/p>\n\n\n\n<h2 class=\"wp-block-heading\">Schlichtung von Verbraucherrechtsstreitigkeiten<\/h2>\n\n\n\n<p>Gem\u00e4\u00df den Bestimmungen des Verbraucherschutzgesetzes \u00fcber das &#8222;Verfahren zur Schlichtung von Verbraucherrechtsstreitigkeiten&#8220; hat der Kunde das Recht, den vom <strong>Hotel de la Baie<\/strong> angebotenen Schlichtungsdienst kostenlos in Anspruch zu nehmen. Der Mediator f\u00fcr Verbraucherrecht, der auf diese Weise angeboten wird, ist CM2C. Diese Schlichtungsstelle kann erreicht werden \u00fcber: &#8211; elektronisch: www.cm2c.net; &#8211; oder auf dem Postweg: CM2C &#8211; Centre de m\u00e9diation et r\u00e8glement amiable des huissiers de justice &#8211; 14, Rue Saint-Jean, 75017 Paris.  <\/p>\n\n\n\n<h2 class=\"wp-block-heading\">Verantwortung f\u00fcr legale Inhalte<\/h2>\n\n\n\n<p>Als Eigent\u00fcmer Ihrer Website sind Sie daf\u00fcr verantwortlich, dass die Seiten Impressum und Datenschutzerkl\u00e4rung den geltenden Gesetzen entsprechen, insbesondere der GDPR (General Data Protection Regulation) f\u00fcr Websites, die personenbezogene Daten sammeln. Diese Seiten sollten regelm\u00e4\u00dfig aktualisiert werden und die rechtlichen und praktischen Informationen Ihres Unternehmens sowie die Verarbeitung personenbezogener Daten, die Sie vornehmen, transparent wiedergeben. <\/p>\n\n\n\n<p class=\"has-text-align-left\">Unsere Agentur kann Sie bei der technischen Einrichtung dieser Seiten unterst\u00fctzen, aber Sie bleiben f\u00fcr den rechtlichen Inhalt dieser Seiten verantwortlich. Wir empfehlen Ihnen dringend, einen Rechtsexperten zu konsultieren, um sicherzustellen, dass Ihr Impressum und Ihre Datenschutzrichtlinie mit den f\u00fcr Ihr Unternehmen geltenden Gesetzen \u00fcbereinstimmen. Kontaktieren Sie uns, wenn Sie dies ben\u00f6tigen, und wir k\u00f6nnen Sie an einen Partneranwalt verweisen.  <\/p>\n<\/div>\n<\/section>\n","protected":false},"excerpt":{"rendered":"<p>Rechtliche Hinweise Rechtliche Hinweise Verantwortlich f\u00fcr die Website Hotel de la Baie Adresse: 46 boulevard de la Plage 29160 CrozonTelefon: 0298270751Email: hotel.delabaie@orange.frSIRET: 839 313 335 00011Rechtsform: SAS, soci\u00e9t\u00e9 par actions simplifi\u00e9eUmsatzsteuer-ID: Verantwortlich f\u00fcr die Ver\u00f6ffentlichung: CORMIER Realisierung GEEK TONIC Vertreten durch Herrn Yohan Darmayan in seiner Eigenschaft als Gesch\u00e4ftsf\u00fchrerGesch\u00e4ftssitz: 16 chemin de Sabalce 64100 BayonneTel.: [&hellip;]<\/p>\n","protected":false},"author":1,"featured_media":2584,"parent":0,"menu_order":0,"comment_status":"closed","ping_status":"closed","template":"","meta":{"_seopress_robots_primary_cat":"","_seopress_titles_title":"Mentions l\u00e9gales","_seopress_titles_desc":"D\u00e9couvrez les mentions l\u00e9gales de l'H\u00f4tel de la Baie. Garantissez la s\u00e9curit\u00e9 et la confidentialit\u00e9 de vos donn\u00e9es avec notre expertise en conformit\u00e9 RGPD.","_seopress_robots_index":"yes","_seopress_analysis_target_kw":"","inline_featured_image":false,"gt_fse_maillage_image":"https:\/\/www.hoteldelabaiecrozonmorgat.com\/wp-content\/uploads\/2026\/02\/hotel-de-la-baie-crozon-facade-1-e1770202563452.jpg","gt_fse_maillage_titre":"Rechtliche Hinweise","gt_fse_maillage_alt":"Automatischer Entwurf","gt_fse_maillage_resume":"","footnotes":""},"categories":[],"tags":[],"class_list":["post-2039","page","type-page","status-publish","has-post-thumbnail","hentry"],"_links":{"self":[{"href":"https:\/\/www.hoteldelabaiecrozonmorgat.com\/de\/wp-json\/wp\/v2\/pages\/2039","targetHints":{"allow":["GET"]}}],"collection":[{"href":"https:\/\/www.hoteldelabaiecrozonmorgat.com\/de\/wp-json\/wp\/v2\/pages"}],"about":[{"href":"https:\/\/www.hoteldelabaiecrozonmorgat.com\/de\/wp-json\/wp\/v2\/types\/page"}],"author":[{"embeddable":true,"href":"https:\/\/www.hoteldelabaiecrozonmorgat.com\/de\/wp-json\/wp\/v2\/users\/1"}],"replies":[{"embeddable":true,"href":"https:\/\/www.hoteldelabaiecrozonmorgat.com\/de\/wp-json\/wp\/v2\/comments?post=2039"}],"version-history":[{"count":3,"href":"https:\/\/www.hoteldelabaiecrozonmorgat.com\/de\/wp-json\/wp\/v2\/pages\/2039\/revisions"}],"predecessor-version":[{"id":2116,"href":"https:\/\/www.hoteldelabaiecrozonmorgat.com\/de\/wp-json\/wp\/v2\/pages\/2039\/revisions\/2116"}],"wp:featuredmedia":[{"embeddable":true,"href":"https:\/\/www.hoteldelabaiecrozonmorgat.com\/de\/wp-json\/wp\/v2\/media\/2584"}],"wp:attachment":[{"href":"https:\/\/www.hoteldelabaiecrozonmorgat.com\/de\/wp-json\/wp\/v2\/media?parent=2039"}],"wp:term":[{"taxonomy":"category","embeddable":true,"href":"https:\/\/www.hoteldelabaiecrozonmorgat.com\/de\/wp-json\/wp\/v2\/categories?post=2039"},{"taxonomy":"post_tag","embeddable":true,"href":"https:\/\/www.hoteldelabaiecrozonmorgat.com\/de\/wp-json\/wp\/v2\/tags?post=2039"}],"curies":[{"name":"wp","href":"https:\/\/api.w.org\/{rel}","templated":true}]}}